{"id":34,"date":"2026-01-20T14:39:01","date_gmt":"2026-01-20T13:39:01","guid":{"rendered":"https:\/\/studiovega.pl\/uslugi\/"},"modified":"2026-01-20T18:09:27","modified_gmt":"2026-01-20T17:09:27","slug":"uslugi","status":"publish","type":"page","link":"https:\/\/studiovega.pl\/en\/uslugi\/","title":{"rendered":"us\u0142ugi"},"content":{"rendered":"<div class=\"wp-block-group alignfull is-style-ext-preset--group--natural-1--section has-background-background-color has-background has-global-padding is-layout-constrained wp-container-core-group-is-layout-e955bbaf wp-block-group-is-layout-constrained\" id=\"uslugi\" style=\"margin-top:0;margin-bottom:0;padding-top:var(--wp--preset--spacing--70);padding-bottom:var(--wp--preset--spacing--70)\">\n<div class=\"wp-block-group alignwide is-vertical is-layout-flex wp-container-core-group-is-layout-c35747d5 wp-block-group-is-layout-flex\">\n<div class=\"wp-block-group has-global-padding is-layout-constrained wp-container-core-group-is-layout-5e05634a wp-block-group-is-layout-constrained\">\n<h2 class=\"wp-block-heading\">kompleksowe podej\u015bcie do architektury i designu<\/h2>\n\n\n\n<p class=\"has-text-align-left\">oferujemy szeroki zakres us\u0142ug \u2013 od projekt\u00f3w budynk\u00f3w, przez aran\u017cacje wn\u0119trz, po grafik\u0119 reklamow\u0105, zawsze stawiaj\u0105c na najwy\u017csz\u0105 jako\u015b\u0107 i zadowolenie klienta<\/p>\n<\/div>\n<\/div>\n\n\n\n<div class=\"wp-block-columns alignwide is-layout-flex wp-container-core-columns-is-layout-08c01c1c wp-block-columns-is-layout-flex\">\n<div class=\"wp-block-column is-layout-flow wp-block-column-is-layout-flow\">\n<div class=\"wp-block-group is-style-ext-preset--group--natural-1--item-card-1--align-start has-global-padding is-layout-constrained wp-block-group-is-layout-constrained is-style-ext-preset--group--natural-1--item-card-1--align-start--2\">\n<figure class=\"wp-block-image size-large\"><img loading=\"lazy\" decoding=\"async\" width=\"968\" height=\"1024\" src=\"https:\/\/studiovega.pl\/wp-content\/uploads\/2026\/01\/04-968x1024.jpg\" alt=\"\" class=\"wp-image-80\" style=\"aspect-ratio:4\/3;object-fit:cover\" srcset=\"https:\/\/studiovega.pl\/wp-content\/uploads\/2026\/01\/04-968x1024.jpg 968w, https:\/\/studiovega.pl\/wp-content\/uploads\/2026\/01\/04-284x300.jpg 284w, https:\/\/studiovega.pl\/wp-content\/uploads\/2026\/01\/04-768x813.jpg 768w, https:\/\/studiovega.pl\/wp-content\/uploads\/2026\/01\/04-1452x1536.jpg 1452w, https:\/\/studiovega.pl\/wp-content\/uploads\/2026\/01\/04-11x12.jpg 11w, https:\/\/studiovega.pl\/wp-content\/uploads\/2026\/01\/04.jpg 1772w\" sizes=\"auto, (max-width: 968px) 100vw, 968px\" \/><\/figure>\n\n\n\n<div class=\"wp-block-group is-style-default has-global-padding is-layout-constrained wp-block-group-is-layout-constrained\">\n<h3 class=\"wp-block-heading\">projektowanie architektoniczne<\/h3>\n\n\n\n<p>Tworzymy funkcjonalne i estetyczne projekty dostosowane do indywidualnych potrzeb i wymaga\u0144 inwestora.<\/p>\n\n\n\n<p>Przygotowujemy projekty architektoniczne w pe\u0142nym zakresie lub uproszczonym, od sprawdzenia warunk\u00f3w zabudowy do opracowania formy budynku, jego uk\u0142adu funkcjonalnego lub tylko koncepcji architektonicznej.<br>Wyb\u00f3r wariantu wsp\u00f3\u0142pracy zale\u017cy od klienta.<br>Przeprowadzamy ca\u0142y proces projektowy z autorskim nadzorem poprawno\u015bci wykonywania prac lub tylko przedstawiamy koncepcje w kilku ods\u0142onach.<\/p>\n\n\n\n<p>Wymy\u015blamy now\u0105 bry\u0142\u0119 domu, biurowca czy osiedla lub wprowadzamy zmiany, przebudow\u0119 istniej\u0105cych obiekt\u00f3w.<br>Oferujemy projekty fadsad i zmian elewacji.<br>Tworzymy wizualizacj\u0119 budynku na podstawie zrobionych zdj\u0119\u0107 lub ca\u0142kowite wyrenderowanie w programie 3D.<\/p>\n<\/div>\n<\/div>\n<\/div>\n\n\n\n<div class=\"wp-block-column is-layout-flow wp-block-column-is-layout-flow\">\n<div class=\"wp-block-group is-style-ext-preset--group--natural-1--item-card-1--align-start has-global-padding is-layout-constrained wp-block-group-is-layout-constrained is-style-ext-preset--group--natural-1--item-card-1--align-start--3\">\n<figure class=\"wp-block-image size-large\"><img loading=\"lazy\" decoding=\"async\" width=\"1024\" height=\"920\" src=\"https:\/\/studiovega.pl\/wp-content\/uploads\/2026\/01\/03-1024x920.jpg\" alt=\"\" class=\"wp-image-79\" style=\"aspect-ratio:4\/3;object-fit:cover\" srcset=\"https:\/\/studiovega.pl\/wp-content\/uploads\/2026\/01\/03-1024x920.jpg 1024w, https:\/\/studiovega.pl\/wp-content\/uploads\/2026\/01\/03-300x269.jpg 300w, https:\/\/studiovega.pl\/wp-content\/uploads\/2026\/01\/03-768x690.jpg 768w, https:\/\/studiovega.pl\/wp-content\/uploads\/2026\/01\/03-1536x1380.jpg 1536w, https:\/\/studiovega.pl\/wp-content\/uploads\/2026\/01\/03-2048x1840.jpg 2048w, https:\/\/studiovega.pl\/wp-content\/uploads\/2026\/01\/03-13x12.jpg 13w\" sizes=\"auto, (max-width: 1024px) 100vw, 1024px\" \/><\/figure>\n\n\n\n<div class=\"wp-block-group is-style-default has-global-padding is-layout-constrained wp-block-group-is-layout-constrained\">\n<h3 class=\"wp-block-heading\">aran\u017cacja wn\u0119trz<\/h3>\n\n\n\n<p>Realizujemy kreatywne i praktyczne rozwi\u0105zania wn\u0119trz dla dom\u00f3w i biur, podnosz\u0105c komfort i styl \u017cycia.<\/p>\n\n\n\n<p>Oferujemy projekty aran\u017cacji wn\u0119trz w pe\u0142nym zakresie lub tylko koncepcje, od okre\u015blenia charakteru pomieszcze\u0144 w wizualizacjach 3D poprzez rysunki techniczne a\u017c po ko\u0144cowy dob\u00f3r materia\u0142\u00f3w z wyliczeniem ich ilo\u015bci.<br>Wyb\u00f3r wariantu wsp\u00f3\u0142pracy zale\u017cy od klienta.<br>Przeprowadzamy ca\u0142y proces projektowy z autorskim nadzorem poprawno\u015bci wykonywania prac lub tylko przedstawiamy koncepcje w kilku ods\u0142onach.<\/p>\n\n\n\n<p>W ramach opracowania projektowego, opr\u00f3cz rzut\u00f3w oferujemy r\u00f3wnie\u017c wizualizacj\u0119 3D opracowywanego obiektu.<br>Takie zobrazowanie przestrzeni pomaga i u\u0142atwia podejmowa\u0107 decyzj\u0119.<\/p>\n<\/div>\n<\/div>\n<\/div>\n\n\n\n<div class=\"wp-block-column is-layout-flow wp-block-column-is-layout-flow\">\n<div class=\"wp-block-group is-style-ext-preset--group--natural-1--item-card-1--align-start has-global-padding is-layout-constrained wp-block-group-is-layout-constrained is-style-ext-preset--group--natural-1--item-card-1--align-start--4\">\n<figure class=\"wp-block-image size-large\"><img loading=\"lazy\" decoding=\"async\" width=\"1024\" height=\"683\" src=\"https:\/\/studiovega.pl\/wp-content\/uploads\/2026\/01\/05-1024x683.jpg\" alt=\"\" class=\"wp-image-83\" style=\"aspect-ratio:4\/3;object-fit:cover\" srcset=\"https:\/\/studiovega.pl\/wp-content\/uploads\/2026\/01\/05-1024x683.jpg 1024w, https:\/\/studiovega.pl\/wp-content\/uploads\/2026\/01\/05-300x200.jpg 300w, https:\/\/studiovega.pl\/wp-content\/uploads\/2026\/01\/05-768x512.jpg 768w, https:\/\/studiovega.pl\/wp-content\/uploads\/2026\/01\/05-1536x1024.jpg 1536w, https:\/\/studiovega.pl\/wp-content\/uploads\/2026\/01\/05-2048x1365.jpg 2048w, https:\/\/studiovega.pl\/wp-content\/uploads\/2026\/01\/05-18x12.jpg 18w\" sizes=\"auto, (max-width: 1024px) 100vw, 1024px\" \/><\/figure>\n\n\n\n<div class=\"wp-block-group is-style-default has-global-padding is-layout-constrained wp-block-group-is-layout-constrained\">\n<h3 class=\"wp-block-heading\">grafika reklamowa<\/h3>\n\n\n\n<p>Projektujemy skuteczne materia\u0142y reklamowe i nadzorujemy ich realizacj\u0119, by zwi\u0119kszy\u0107 widoczno\u015b\u0107 Twojej marki.<\/p>\n\n\n\n<p>Zajmujemy si\u0119 przygotowywaniem reklam przestrzennych, kaseton\u00f3w oraz grafiki reklamowej poligraficznej typu kalendarze, ulotki, p\u0142yty CD, digipaki.<br>Stworzymy logo i identyfikacje dla firmy.<br>Zajmujemy si\u0119 produkcj\u0105 reklam<\/p>\n\n\n\n<p>Zanim reklama zostanie zrealizowana przygotowujemy wizualizacj\u0119, aby zobrazowa\u0107 wygl\u0105d produktu.<\/p>\n<\/div>\n<\/div>\n<\/div>\n<\/div>\n<\/div>\n\n\n\n<div class=\"wp-block-group alignfull is-style-ext-preset--group--natural-1--section has-tertiary-background-color has-background has-global-padding is-layout-constrained wp-container-core-group-is-layout-6714b1d7 wp-block-group-is-layout-constrained\" id=\"o-nas\" style=\"margin-top:0;margin-bottom:0;padding-top:var(--wp--preset--spacing--70);padding-bottom:var(--wp--preset--spacing--70)\">\n<div class=\"wp-block-group alignwide is-vertical is-content-justification-center is-layout-flex wp-container-core-group-is-layout-c9ee0c5a wp-block-group-is-layout-flex\">\n<div class=\"wp-block-group has-global-padding is-layout-constrained wp-container-core-group-is-layout-2287c683 wp-block-group-is-layout-constrained\">\n<h4 class=\"wp-block-heading has-text-align-center\">nadzorujemy prace oraz realizujemy<\/h4>\n\n\n\n<p class=\"has-text-align-center\">STUDIOVEGA to pracownia architektoniczno-projektowa, kt\u00f3ra \u0142\u0105czy kreatywno\u015b\u0107 z profesjonalizmem, oferuj\u0105c kompleksowe rozwi\u0105zania dla budynk\u00f3w, wn\u0119trz oraz grafiki reklamowej, realizuj\u0105c ka\u017cdy projekt z pe\u0142nym zaanga\u017cowaniem i dba\u0142o\u015bci\u0105 o detale.<\/p>\n\n\n\n<p class=\"has-text-align-center\">Oferujemy wykonanie niekt\u00f3rych element\u00f3w z naszych projekt\u00f3w lub ca\u0142o\u015bci.<br>Posiadamy sprawdzone ekipy wykonawczo-remontowe z bran\u017c: <\/p>\n\n\n\n<p class=\"has-text-align-center\">budowlano-remontowej<br>stolarskiej, meblowej- zabudowy, kuchnie<br>druku poligraficznego<br>reklamowej<\/p>\n\n\n\n<ul class=\"wp-block-list\"><\/ul>\n<\/div>\n<\/div>\n\n\n\n<div class=\"wp-block-columns alignwide is-layout-flex wp-container-core-columns-is-layout-28f84493 wp-block-columns-is-layout-flex\">\n<div class=\"wp-block-column is-layout-flow wp-block-column-is-layout-flow\">\n<figure class=\"wp-block-image size-large is-style-ext-preset-image-natural-1-image-1--content-bottom is-style-ext-preset--image--natural-1--image-1--content-bottom is-style-ext-preset--image--natural-1--image-1--content-bottom--6\"><img loading=\"lazy\" decoding=\"async\" width=\"731\" height=\"1024\" src=\"https:\/\/studiovega.pl\/wp-content\/uploads\/2026\/01\/13-731x1024.jpg\" alt=\"\" class=\"wp-image-111\" style=\"aspect-ratio:3\/4;object-fit:cover\" srcset=\"https:\/\/studiovega.pl\/wp-content\/uploads\/2026\/01\/13-731x1024.jpg 731w, https:\/\/studiovega.pl\/wp-content\/uploads\/2026\/01\/13-214x300.jpg 214w, https:\/\/studiovega.pl\/wp-content\/uploads\/2026\/01\/13-768x1075.jpg 768w, https:\/\/studiovega.pl\/wp-content\/uploads\/2026\/01\/13-1097x1536.jpg 1097w, https:\/\/studiovega.pl\/wp-content\/uploads\/2026\/01\/13-1463x2048.jpg 1463w, https:\/\/studiovega.pl\/wp-content\/uploads\/2026\/01\/13-9x12.jpg 9w, https:\/\/studiovega.pl\/wp-content\/uploads\/2026\/01\/13-scaled.jpg 1828w\" sizes=\"auto, (max-width: 731px) 100vw, 731px\" \/><\/figure>\n<\/div>\n\n\n\n<div class=\"wp-block-column is-layout-flow wp-block-column-is-layout-flow\">\n<figure class=\"wp-block-image size-large is-style-ext-preset-image-natural-1-image-1--content-bottom is-style-ext-preset--image--natural-1--image-1--content-bottom is-style-ext-preset--image--natural-1--image-1--content-bottom--7\"><img loading=\"lazy\" decoding=\"async\" width=\"1024\" height=\"683\" src=\"https:\/\/studiovega.pl\/wp-content\/uploads\/2026\/01\/06-1024x683.jpg\" alt=\"\" class=\"wp-image-84\" style=\"aspect-ratio:3\/4;object-fit:cover\" srcset=\"https:\/\/studiovega.pl\/wp-content\/uploads\/2026\/01\/06-1024x683.jpg 1024w, https:\/\/studiovega.pl\/wp-content\/uploads\/2026\/01\/06-300x200.jpg 300w, https:\/\/studiovega.pl\/wp-content\/uploads\/2026\/01\/06-768x512.jpg 768w, https:\/\/studiovega.pl\/wp-content\/uploads\/2026\/01\/06-1536x1024.jpg 1536w, https:\/\/studiovega.pl\/wp-content\/uploads\/2026\/01\/06-2048x1365.jpg 2048w, https:\/\/studiovega.pl\/wp-content\/uploads\/2026\/01\/06-18x12.jpg 18w\" sizes=\"auto, (max-width: 1024px) 100vw, 1024px\" \/><\/figure>\n<\/div>\n\n\n\n<div class=\"wp-block-column is-layout-flow wp-block-column-is-layout-flow\">\n<figure class=\"wp-block-image size-large is-style-ext-preset-image-natural-1-image-1--content-bottom is-style-ext-preset--image--natural-1--image-1--content-bottom is-style-ext-preset--image--natural-1--image-1--content-bottom--8\"><img loading=\"lazy\" decoding=\"async\" width=\"771\" height=\"1024\" src=\"https:\/\/studiovega.pl\/wp-content\/uploads\/2026\/01\/12-771x1024.jpg\" alt=\"\" class=\"wp-image-110\" style=\"aspect-ratio:3\/4;object-fit:cover\" srcset=\"https:\/\/studiovega.pl\/wp-content\/uploads\/2026\/01\/12-771x1024.jpg 771w, https:\/\/studiovega.pl\/wp-content\/uploads\/2026\/01\/12-226x300.jpg 226w, https:\/\/studiovega.pl\/wp-content\/uploads\/2026\/01\/12-768x1020.jpg 768w, https:\/\/studiovega.pl\/wp-content\/uploads\/2026\/01\/12-1157x1536.jpg 1157w, https:\/\/studiovega.pl\/wp-content\/uploads\/2026\/01\/12-1543x2048.jpg 1543w, https:\/\/studiovega.pl\/wp-content\/uploads\/2026\/01\/12-9x12.jpg 9w, https:\/\/studiovega.pl\/wp-content\/uploads\/2026\/01\/12-scaled.jpg 1928w\" sizes=\"auto, (max-width: 771px) 100vw, 771px\" \/><\/figure>\n<\/div>\n<\/div>\n<\/div>","protected":false},"excerpt":{"rendered":"<p>kompleksowe podej\u015bcie do architektury i designu oferujemy szeroki zakres us\u0142ug \u2013 od projekt\u00f3w budynk\u00f3w, przez aran\u017cacje wn\u0119trz, po grafik\u0119 reklamow\u0105, zawsze stawiaj\u0105c na najwy\u017csz\u0105 jako\u015b\u0107 i zadowolenie klienta projektowanie architektoniczne Tworzymy funkcjonalne i estetyczne projekty dostosowane do indywidualnych potrzeb i wymaga\u0144 inwestora. Przygotowujemy projekty architektoniczne w pe\u0142nym zakresie lub uproszczonym, od sprawdzenia warunk\u00f3w zabudowy do [&hellip;]<\/p>","protected":false},"author":1,"featured_media":0,"parent":0,"menu_order":0,"comment_status":"closed","ping_status":"closed","template":"page-with-title","meta":{"_monsterinsights_skip_tracking":false,"_monsterinsights_sitenote_active":false,"_monsterinsights_sitenote_note":"","_monsterinsights_sitenote_category":0,"footnotes":""},"class_list":["post-34","page","type-page","status-publish","hentry"],"aioseo_notices":[],"_links":{"self":[{"href":"https:\/\/studiovega.pl\/en\/wp-json\/wp\/v2\/pages\/34","targetHints":{"allow":["GET"]}}],"collection":[{"href":"https:\/\/studiovega.pl\/en\/wp-json\/wp\/v2\/pages"}],"about":[{"href":"https:\/\/studiovega.pl\/en\/wp-json\/wp\/v2\/types\/page"}],"author":[{"embeddable":true,"href":"https:\/\/studiovega.pl\/en\/wp-json\/wp\/v2\/users\/1"}],"replies":[{"embeddable":true,"href":"https:\/\/studiovega.pl\/en\/wp-json\/wp\/v2\/comments?post=34"}],"version-history":[{"count":6,"href":"https:\/\/studiovega.pl\/en\/wp-json\/wp\/v2\/pages\/34\/revisions"}],"predecessor-version":[{"id":124,"href":"https:\/\/studiovega.pl\/en\/wp-json\/wp\/v2\/pages\/34\/revisions\/124"}],"wp:attachment":[{"href":"https:\/\/studiovega.pl\/en\/wp-json\/wp\/v2\/media?parent=34"}],"curies":[{"name":"wp","href":"https:\/\/api.w.org\/{rel}","templated":true}]}}